{"id":9,"date":"2021-02-22T11:25:11","date_gmt":"2021-02-22T11:25:11","guid":{"rendered":"http:\/\/www.gasthof-waltner.at\/?page_id=9"},"modified":"2025-07-08T19:53:50","modified_gmt":"2025-07-08T19:53:50","slug":"weinbau","status":"publish","type":"page","link":"https:\/\/www.gasthof-waltner.at\/?page_id=9","title":{"rendered":"Weinbau"},"content":{"rendered":"\n<figure class=\"wp-block-image alignfull size-large\"><img loading=\"lazy\" decoding=\"async\" width=\"1024\" height=\"768\" src=\"https:\/\/www.gasthof-waltner.at\/wp-content\/uploads\/2021\/03\/20210325_102159-1024x768.jpg\" alt=\"Weinbau Waltner\" class=\"wp-image-89\" srcset=\"https:\/\/www.gasthof-waltner.at\/wp-content\/uploads\/2021\/03\/20210325_102159-1024x768.jpg 1024w, https:\/\/www.gasthof-waltner.at\/wp-content\/uploads\/2021\/03\/20210325_102159-300x225.jpg 300w, https:\/\/www.gasthof-waltner.at\/wp-content\/uploads\/2021\/03\/20210325_102159-768x576.jpg 768w, https:\/\/www.gasthof-waltner.at\/wp-content\/uploads\/2021\/03\/20210325_102159-1536x1152.jpg 1536w, https:\/\/www.gasthof-waltner.at\/wp-content\/uploads\/2021\/03\/20210325_102159-2048x1536.jpg 2048w, https:\/\/www.gasthof-waltner.at\/wp-content\/uploads\/2021\/03\/20210325_102159-1568x1176.jpg 1568w\" sizes=\"auto, (max-width: 1024px) 100vw, 1024px\" \/><\/figure>\n\n\n\n<h2 class=\"wp-block-heading\">Weinbau Tradition seit 58 Jahren<\/h2>\n\n\n\n<p>Seit 1967 wird von der Familie Waltner traditioneller Weinbau betrieben. Die Kulturen werden auf ca. 5 ha in Mailberg N\u00d6 angebaut. Die Marktgemeinde <a href=\"https:\/\/goo.gl\/maps\/zREiu8C9c93bqCJZ7\" target=\"_blank\" rel=\"noreferrer noopener\">Mailberg<\/a> liegt im nord\u00f6stlichen Nieder\u00f6sterreich, Bezirk Hollabrunn. Schlie\u00dflich ist die Gemeinde durch ihre hervorragenden Weinlagen bekannt. So findet auch j\u00e4hrlich ein gro\u00dfes Kellergassenfest statt. <\/p>\n\n\n\n<p>Haupts\u00e4chlich werden Qualit\u00e4tsweine der Sorten Gr\u00fcner Veltliner, Riesling, Chardonnay, Muskateller sowie ein Cuv\u00e9e hergestellt.<br>Beim Rotwein konzentrieren wir uns vor allem auf den Zweigelt, der sowohl klassisch als auch barrique ausgebaut wird. Ebenfalls machen wir auch einen Rotwein-Cuv\u00e9e.<\/p>\n\n\n\n<p>Dar\u00fcber hinaus machen wir auch noch Rotwein-Lik\u00f6r und Gl\u00fchwein.<\/p>\n\n\n\n<figure class=\"wp-block-image size-large is-style-default\"><img loading=\"lazy\" decoding=\"async\" width=\"1024\" height=\"638\" src=\"https:\/\/www.gasthof-waltner.at\/wp-content\/uploads\/2021\/03\/Zweigelt-Reserve-1024x638.jpg\" alt=\"Weinbau Waltner - Zweigelt Reserve\" class=\"wp-image-103\" srcset=\"https:\/\/www.gasthof-waltner.at\/wp-content\/uploads\/2021\/03\/Zweigelt-Reserve-1024x638.jpg 1024w, https:\/\/www.gasthof-waltner.at\/wp-content\/uploads\/2021\/03\/Zweigelt-Reserve-300x187.jpg 300w, https:\/\/www.gasthof-waltner.at\/wp-content\/uploads\/2021\/03\/Zweigelt-Reserve-768x478.jpg 768w, https:\/\/www.gasthof-waltner.at\/wp-content\/uploads\/2021\/03\/Zweigelt-Reserve-1536x957.jpg 1536w, https:\/\/www.gasthof-waltner.at\/wp-content\/uploads\/2021\/03\/Zweigelt-Reserve-2048x1276.jpg 2048w, https:\/\/www.gasthof-waltner.at\/wp-content\/uploads\/2021\/03\/Zweigelt-Reserve-1568x977.jpg 1568w\" sizes=\"auto, (max-width: 1024px) 100vw, 1024px\" \/><figcaption class=\"wp-element-caption\">Zweigelt Reserve<\/figcaption><\/figure>\n\n\n\n<p>Der Wein wird einerseits in unserem Gasthof angeboten und auch ab Hof und <a href=\"https:\/\/www.gasthof-waltner.at\/?page_id=694\">\u00fcber unsere Website<\/a> verkauft. Nach Anmeldung f\u00fchren wir auch gerne Weinverkostungen in unserem Weinkeller durch. Schlie\u00dflich gibt es im Herbst auch frischen Traubensaft und frischen Sturm.<\/p>\n\n\n\n<p>Wir freuen uns auf <a href=\"https:\/\/www.gasthof-waltner.at\/?page_id=31\">Ihren Anruf!<\/a><\/p>\n","protected":false},"excerpt":{"rendered":"<p>Weinbau Tradition seit 58 Jahren Seit 1967 wird von der Familie Waltner traditioneller Weinbau betrieben. Die Kulturen werden auf ca. 5 ha in Mailberg N\u00d6 angebaut. Die Marktgemeinde Mailberg liegt im nord\u00f6stlichen Nieder\u00f6sterreich, Bezirk Hollabrunn. Schlie\u00dflich ist die Gemeinde durch ihre hervorragenden Weinlagen bekannt. So findet auch j\u00e4hrlich ein gro\u00dfes Kellergassenfest statt. Haupts\u00e4chlich werden Qualit\u00e4tsweine&hellip; <a class=\"more-link\" href=\"https:\/\/www.gasthof-waltner.at\/?page_id=9\"><span class=\"screen-reader-text\">Weinbau<\/span> weiterlesen<\/a><\/p>\n","protected":false},"author":1,"featured_media":0,"parent":0,"menu_order":0,"comment_status":"closed","ping_status":"closed","template":"","meta":{"footnotes":""},"class_list":["post-9","page","type-page","status-publish","hentry","entry"],"yoast_head":"<!-- This site is optimized with the Yoast SEO plugin v27.4 - https:\/\/yoast.com\/product\/yoast-seo-wordpress\/ -->\n<title>Weinbau - Gasthof Waltner | Qualit\u00e4tsweine aus Nieder\u00f6sterreich<\/title>\n<meta name=\"description\" content=\"Weinbau Tradition seit 1967. Wir produzieren die Qualit\u00e4tsweine Gr\u00fcner Veltliner, Riesling, Chardonnay und Muskateller. Ab-Hof-Verkauf!\" \/>\n<meta name=\"robots\" content=\"index, follow, max-snippet:-1, max-image-preview:large, max-video-preview:-1\" \/>\n<link rel=\"canonical\" href=\"https:\/\/www.gasthof-waltner.at\/?page_id=9\" \/>\n<meta property=\"og:locale\" content=\"de_DE\" \/>\n<meta property=\"og:type\" content=\"article\" \/>\n<meta property=\"og:title\" content=\"Weinbau - Gasthof Waltner | Qualit\u00e4tsweine aus Nieder\u00f6sterreich\" \/>\n<meta property=\"og:description\" content=\"Weinbau Tradition seit 1967. Wir produzieren die Qualit\u00e4tsweine Gr\u00fcner Veltliner, Riesling, Chardonnay und Muskateller. Ab-Hof-Verkauf!\" \/>\n<meta property=\"og:url\" content=\"https:\/\/www.gasthof-waltner.at\/?page_id=9\" \/>\n<meta property=\"og:site_name\" content=\"Gasthof Waltner\" \/>\n<meta property=\"article:modified_time\" content=\"2025-07-08T19:53:50+00:00\" \/>\n<meta property=\"og:image\" content=\"https:\/\/www.gasthof-waltner.at\/wp-content\/uploads\/2021\/03\/20210325_102159-scaled.jpg\" \/>\n\t<meta property=\"og:image:width\" content=\"2560\" \/>\n\t<meta property=\"og:image:height\" content=\"1920\" \/>\n\t<meta property=\"og:image:type\" content=\"image\/jpeg\" \/>\n<meta name=\"twitter:card\" content=\"summary_large_image\" \/>\n<meta name=\"twitter:label1\" content=\"Gesch\u00e4tzte Lesezeit\" \/>\n\t<meta name=\"twitter:data1\" content=\"2\u00a0Minuten\" \/>\n<script type=\"application\/ld+json\" class=\"yoast-schema-graph\">{\"@context\":\"https:\\\/\\\/schema.org\",\"@graph\":[{\"@type\":\"WebPage\",\"@id\":\"https:\\\/\\\/www.gasthof-waltner.at\\\/?page_id=9\",\"url\":\"https:\\\/\\\/www.gasthof-waltner.at\\\/?page_id=9\",\"name\":\"Weinbau - Gasthof Waltner | Qualit\u00e4tsweine aus Nieder\u00f6sterreich\",\"isPartOf\":{\"@id\":\"https:\\\/\\\/www.gasthof-waltner.at\\\/#website\"},\"primaryImageOfPage\":{\"@id\":\"https:\\\/\\\/www.gasthof-waltner.at\\\/?page_id=9#primaryimage\"},\"image\":{\"@id\":\"https:\\\/\\\/www.gasthof-waltner.at\\\/?page_id=9#primaryimage\"},\"thumbnailUrl\":\"https:\\\/\\\/www.gasthof-waltner.at\\\/wp-content\\\/uploads\\\/2021\\\/03\\\/20210325_102159-1024x768.jpg\",\"datePublished\":\"2021-02-22T11:25:11+00:00\",\"dateModified\":\"2025-07-08T19:53:50+00:00\",\"description\":\"Weinbau Tradition seit 1967. Wir produzieren die Qualit\u00e4tsweine Gr\u00fcner Veltliner, Riesling, Chardonnay und Muskateller. Ab-Hof-Verkauf!\",\"breadcrumb\":{\"@id\":\"https:\\\/\\\/www.gasthof-waltner.at\\\/?page_id=9#breadcrumb\"},\"inLanguage\":\"de\",\"potentialAction\":[{\"@type\":\"ReadAction\",\"target\":[\"https:\\\/\\\/www.gasthof-waltner.at\\\/?page_id=9\"]}]},{\"@type\":\"ImageObject\",\"inLanguage\":\"de\",\"@id\":\"https:\\\/\\\/www.gasthof-waltner.at\\\/?page_id=9#primaryimage\",\"url\":\"https:\\\/\\\/www.gasthof-waltner.at\\\/wp-content\\\/uploads\\\/2021\\\/03\\\/20210325_102159-1024x768.jpg\",\"contentUrl\":\"https:\\\/\\\/www.gasthof-waltner.at\\\/wp-content\\\/uploads\\\/2021\\\/03\\\/20210325_102159-1024x768.jpg\"},{\"@type\":\"BreadcrumbList\",\"@id\":\"https:\\\/\\\/www.gasthof-waltner.at\\\/?page_id=9#breadcrumb\",\"itemListElement\":[{\"@type\":\"ListItem\",\"position\":1,\"name\":\"Startseite\",\"item\":\"https:\\\/\\\/www.gasthof-waltner.at\\\/\"},{\"@type\":\"ListItem\",\"position\":2,\"name\":\"Weinbau\"}]},{\"@type\":\"WebSite\",\"@id\":\"https:\\\/\\\/www.gasthof-waltner.at\\\/#website\",\"url\":\"https:\\\/\\\/www.gasthof-waltner.at\\\/\",\"name\":\"Gasthof Waltner\",\"description\":\"3150 Wilhelmsburg | Tel: 02746\\\/2540\",\"potentialAction\":[{\"@type\":\"SearchAction\",\"target\":{\"@type\":\"EntryPoint\",\"urlTemplate\":\"https:\\\/\\\/www.gasthof-waltner.at\\\/?s={search_term_string}\"},\"query-input\":{\"@type\":\"PropertyValueSpecification\",\"valueRequired\":true,\"valueName\":\"search_term_string\"}}],\"inLanguage\":\"de\"}]}<\/script>\n<!-- \/ Yoast SEO plugin. -->","yoast_head_json":{"title":"Weinbau - Gasthof Waltner | Qualit\u00e4tsweine aus Nieder\u00f6sterreich","description":"Weinbau Tradition seit 1967. Wir produzieren die Qualit\u00e4tsweine Gr\u00fcner Veltliner, Riesling, Chardonnay und Muskateller. Ab-Hof-Verkauf!","robots":{"index":"index","follow":"follow","max-snippet":"max-snippet:-1","max-image-preview":"max-image-preview:large","max-video-preview":"max-video-preview:-1"},"canonical":"https:\/\/www.gasthof-waltner.at\/?page_id=9","og_locale":"de_DE","og_type":"article","og_title":"Weinbau - Gasthof Waltner | Qualit\u00e4tsweine aus Nieder\u00f6sterreich","og_description":"Weinbau Tradition seit 1967. Wir produzieren die Qualit\u00e4tsweine Gr\u00fcner Veltliner, Riesling, Chardonnay und Muskateller. Ab-Hof-Verkauf!","og_url":"https:\/\/www.gasthof-waltner.at\/?page_id=9","og_site_name":"Gasthof Waltner","article_modified_time":"2025-07-08T19:53:50+00:00","og_image":[{"width":2560,"height":1920,"url":"https:\/\/www.gasthof-waltner.at\/wp-content\/uploads\/2021\/03\/20210325_102159-scaled.jpg","type":"image\/jpeg"}],"twitter_card":"summary_large_image","twitter_misc":{"Gesch\u00e4tzte Lesezeit":"2\u00a0Minuten"},"schema":{"@context":"https:\/\/schema.org","@graph":[{"@type":"WebPage","@id":"https:\/\/www.gasthof-waltner.at\/?page_id=9","url":"https:\/\/www.gasthof-waltner.at\/?page_id=9","name":"Weinbau - Gasthof Waltner | Qualit\u00e4tsweine aus Nieder\u00f6sterreich","isPartOf":{"@id":"https:\/\/www.gasthof-waltner.at\/#website"},"primaryImageOfPage":{"@id":"https:\/\/www.gasthof-waltner.at\/?page_id=9#primaryimage"},"image":{"@id":"https:\/\/www.gasthof-waltner.at\/?page_id=9#primaryimage"},"thumbnailUrl":"https:\/\/www.gasthof-waltner.at\/wp-content\/uploads\/2021\/03\/20210325_102159-1024x768.jpg","datePublished":"2021-02-22T11:25:11+00:00","dateModified":"2025-07-08T19:53:50+00:00","description":"Weinbau Tradition seit 1967. Wir produzieren die Qualit\u00e4tsweine Gr\u00fcner Veltliner, Riesling, Chardonnay und Muskateller. Ab-Hof-Verkauf!","breadcrumb":{"@id":"https:\/\/www.gasthof-waltner.at\/?page_id=9#breadcrumb"},"inLanguage":"de","potentialAction":[{"@type":"ReadAction","target":["https:\/\/www.gasthof-waltner.at\/?page_id=9"]}]},{"@type":"ImageObject","inLanguage":"de","@id":"https:\/\/www.gasthof-waltner.at\/?page_id=9#primaryimage","url":"https:\/\/www.gasthof-waltner.at\/wp-content\/uploads\/2021\/03\/20210325_102159-1024x768.jpg","contentUrl":"https:\/\/www.gasthof-waltner.at\/wp-content\/uploads\/2021\/03\/20210325_102159-1024x768.jpg"},{"@type":"BreadcrumbList","@id":"https:\/\/www.gasthof-waltner.at\/?page_id=9#breadcrumb","itemListElement":[{"@type":"ListItem","position":1,"name":"Startseite","item":"https:\/\/www.gasthof-waltner.at\/"},{"@type":"ListItem","position":2,"name":"Weinbau"}]},{"@type":"WebSite","@id":"https:\/\/www.gasthof-waltner.at\/#website","url":"https:\/\/www.gasthof-waltner.at\/","name":"Gasthof Waltner","description":"3150 Wilhelmsburg | Tel: 02746\/2540","potentialAction":[{"@type":"SearchAction","target":{"@type":"EntryPoint","urlTemplate":"https:\/\/www.gasthof-waltner.at\/?s={search_term_string}"},"query-input":{"@type":"PropertyValueSpecification","valueRequired":true,"valueName":"search_term_string"}}],"inLanguage":"de"}]}},"_links":{"self":[{"href":"https:\/\/www.gasthof-waltner.at\/index.php?rest_route=\/wp\/v2\/pages\/9","targetHints":{"allow":["GET"]}}],"collection":[{"href":"https:\/\/www.gasthof-waltner.at\/index.php?rest_route=\/wp\/v2\/pages"}],"about":[{"href":"https:\/\/www.gasthof-waltner.at\/index.php?rest_route=\/wp\/v2\/types\/page"}],"author":[{"embeddable":true,"href":"https:\/\/www.gasthof-waltner.at\/index.php?rest_route=\/wp\/v2\/users\/1"}],"replies":[{"embeddable":true,"href":"https:\/\/www.gasthof-waltner.at\/index.php?rest_route=%2Fwp%2Fv2%2Fcomments&post=9"}],"version-history":[{"count":14,"href":"https:\/\/www.gasthof-waltner.at\/index.php?rest_route=\/wp\/v2\/pages\/9\/revisions"}],"predecessor-version":[{"id":719,"href":"https:\/\/www.gasthof-waltner.at\/index.php?rest_route=\/wp\/v2\/pages\/9\/revisions\/719"}],"wp:attachment":[{"href":"https:\/\/www.gasthof-waltner.at\/index.php?rest_route=%2Fwp%2Fv2%2Fmedia&parent=9"}],"curies":[{"name":"wp","href":"https:\/\/api.w.org\/{rel}","templated":true}]}}