{"id":7,"date":"2021-02-22T11:24:25","date_gmt":"2021-02-22T11:24:25","guid":{"rendered":"http:\/\/www.gasthof-waltner.at\/?page_id=7"},"modified":"2025-10-08T09:13:30","modified_gmt":"2025-10-08T09:13:30","slug":"catering","status":"publish","type":"page","link":"https:\/\/www.gasthof-waltner.at\/?page_id=7","title":{"rendered":"Catering"},"content":{"rendered":"\n<figure class=\"wp-block-image alignfull size-large\"><img loading=\"lazy\" decoding=\"async\" width=\"1024\" height=\"576\" src=\"https:\/\/www.gasthof-waltner.at\/wp-content\/uploads\/2021\/03\/Catering-Waltner-1024x576.jpg\" alt=\"Catering Waltner\" class=\"wp-image-107\" srcset=\"https:\/\/www.gasthof-waltner.at\/wp-content\/uploads\/2021\/03\/Catering-Waltner-1024x576.jpg 1024w, https:\/\/www.gasthof-waltner.at\/wp-content\/uploads\/2021\/03\/Catering-Waltner-300x169.jpg 300w, https:\/\/www.gasthof-waltner.at\/wp-content\/uploads\/2021\/03\/Catering-Waltner-768x432.jpg 768w, https:\/\/www.gasthof-waltner.at\/wp-content\/uploads\/2021\/03\/Catering-Waltner-1536x864.jpg 1536w, https:\/\/www.gasthof-waltner.at\/wp-content\/uploads\/2021\/03\/Catering-Waltner-1568x882.jpg 1568w, https:\/\/www.gasthof-waltner.at\/wp-content\/uploads\/2021\/03\/Catering-Waltner.jpg 1920w\" sizes=\"auto, (max-width: 1024px) 100vw, 1024px\" \/><\/figure>\n\n\n\n<h2 class=\"wp-block-heading\" id=\"catering-fur-10-300-personen\">Catering f\u00fcr 10 &#8211; 300 Personen<\/h2>\n\n\n\n<p>Seit 1993 haben wir bisher das Catering f\u00fcr zahlreiche private Feiern und Firmenveranstaltungen gemacht. Ob warme oder kalte Buffets, belegte Br\u00f6tchen, kalte Platten oder Mehlspeisenbuffets. Gerne sind wir Ihr kompetenter Partner damit Sie Ihre G\u00e4ste kulinarisch verw\u00f6hnen k\u00f6nnen. <br><br>Wir freuen uns auf <a href=\"https:\/\/www.gasthof-waltner.at\/?page_id=31\">Ihre Anfrage!<\/a><\/p>\n\n\n\n<h2 class=\"wp-block-heading\" id=\"auszug-aus-unserem-angebot\">Auszug aus unserem Angebot<\/h2>\n\n\n\n<p><strong>Preis f\u00fcr warmes Buffet (5 verschiedene Hauptgerichte) pro Person: \u20ac 16,80<\/strong><\/p>\n\n\n\n<p>z.B. Schweinebraten, K\u00fcmmelbraten, H\u00fchnerfilet in Sesam, gef\u00fcllte Putenschnitzel, Rinderbraten in Wurzelsauce, Gem\u00fcselaibchen,&#8230;<\/p>\n\n\n\n<p>Dementsprechend Beilagen zu den Hauptgerichten:<\/p>\n\n\n\n<p>Kn\u00f6del, Petersilkartoffel, Reis, bunte Nudeln, warmer Krautsalat,&#8230; Ebenfalls ist auch ein Salatbuffet dabei.<\/p>\n\n\n\n<p><strong>Preis f\u00fcr kaltes Buffet pro Person: \u20ac 19,50<\/strong><\/p>\n\n\n\n<p>z.B. Gef\u00fcllte Eier, Schinkenr\u00f6llchen, K\u00e4ser\u00f6llchen, Melone mit Rohschinken, verschiedene Fleischplatten und K\u00e4seplatten,&#8230; verschiedene Geb\u00e4ck- und Brotsorten, Butter<\/p>\n\n\n\n<p><strong>Preis f\u00fcr Mehlspeisenbuffet<\/strong>:  <strong>\u20ac 1,90 pro St\u00fcck<\/strong><\/p>\n\n\n\n<p>5 verschiedene hausgemachte Mehlspeisen in kleine W\u00fcrfel geschnitten (halbe  Schnitte).<\/p>\n\n\n\n<blockquote class=\"wp-block-quote is-layout-flow wp-block-quote-is-layout-flow\">\n<p>Wir k\u00fcmmern uns um das Essen damit Sie mehr Zeit f\u00fcr Ihre G\u00e4ste haben. Schlie\u00dflich ist gutes Essen die Basis f\u00fcr jede gelungene Feier und Veranstaltung.<\/p>\n<cite>Wolfgang Waltner<\/cite><\/blockquote>\n","protected":false},"excerpt":{"rendered":"<p>Catering f\u00fcr 10 &#8211; 300 Personen Seit 1993 haben wir bisher das Catering f\u00fcr zahlreiche private Feiern und Firmenveranstaltungen gemacht. Ob warme oder kalte Buffets, belegte Br\u00f6tchen, kalte Platten oder Mehlspeisenbuffets. Gerne sind wir Ihr kompetenter Partner damit Sie Ihre G\u00e4ste kulinarisch verw\u00f6hnen k\u00f6nnen. Wir freuen uns auf Ihre Anfrage! Auszug aus unserem Angebot Preis&hellip; <a class=\"more-link\" href=\"https:\/\/www.gasthof-waltner.at\/?page_id=7\"><span class=\"screen-reader-text\">Catering<\/span> weiterlesen<\/a><\/p>\n","protected":false},"author":1,"featured_media":0,"parent":0,"menu_order":0,"comment_status":"closed","ping_status":"closed","template":"","meta":{"footnotes":""},"class_list":["post-7","page","type-page","status-publish","hentry","entry"],"yoast_head":"<!-- This site is optimized with the Yoast SEO plugin v27.5 - https:\/\/yoast.com\/product\/yoast-seo-wordpress\/ -->\n<title>Catering - Gasthof Waltner | Ihr Kulinarikpartner seit 1993<\/title>\n<meta name=\"description\" content=\"Catering f\u00fcr 10 - 300 Personen. Warme und kalte Buffets, belegte Br\u00f6tchen, kalte Platten und Mehlspeisenbuffets. Rufen Sie uns an! 02746\/2540\" \/>\n<meta name=\"robots\" content=\"index, follow, max-snippet:-1, max-image-preview:large, max-video-preview:-1\" \/>\n<link rel=\"canonical\" href=\"https:\/\/www.gasthof-waltner.at\/?page_id=7\" \/>\n<meta property=\"og:locale\" content=\"de_DE\" \/>\n<meta property=\"og:type\" content=\"article\" \/>\n<meta property=\"og:title\" content=\"Catering - Gasthof Waltner | Ihr Kulinarikpartner seit 1993\" \/>\n<meta property=\"og:description\" content=\"Catering f\u00fcr 10 - 300 Personen. Warme und kalte Buffets, belegte Br\u00f6tchen, kalte Platten und Mehlspeisenbuffets. Rufen Sie uns an! 02746\/2540\" \/>\n<meta property=\"og:url\" content=\"https:\/\/www.gasthof-waltner.at\/?page_id=7\" \/>\n<meta property=\"og:site_name\" content=\"Gasthof Waltner\" \/>\n<meta property=\"article:modified_time\" content=\"2025-10-08T09:13:30+00:00\" \/>\n<meta property=\"og:image\" content=\"https:\/\/www.gasthof-waltner.at\/wp-content\/uploads\/2021\/03\/Catering-Waltner.jpg\" \/>\n\t<meta property=\"og:image:width\" content=\"1920\" \/>\n\t<meta property=\"og:image:height\" content=\"1080\" \/>\n\t<meta property=\"og:image:type\" content=\"image\/jpeg\" \/>\n<meta name=\"twitter:card\" content=\"summary_large_image\" \/>\n<meta name=\"twitter:label1\" content=\"Gesch\u00e4tzte Lesezeit\" \/>\n\t<meta name=\"twitter:data1\" content=\"1\u00a0Minute\" \/>\n<script type=\"application\/ld+json\" class=\"yoast-schema-graph\">{\"@context\":\"https:\\\/\\\/schema.org\",\"@graph\":[{\"@type\":\"WebPage\",\"@id\":\"https:\\\/\\\/www.gasthof-waltner.at\\\/?page_id=7\",\"url\":\"https:\\\/\\\/www.gasthof-waltner.at\\\/?page_id=7\",\"name\":\"Catering - Gasthof Waltner | Ihr Kulinarikpartner seit 1993\",\"isPartOf\":{\"@id\":\"https:\\\/\\\/www.gasthof-waltner.at\\\/#website\"},\"primaryImageOfPage\":{\"@id\":\"https:\\\/\\\/www.gasthof-waltner.at\\\/?page_id=7#primaryimage\"},\"image\":{\"@id\":\"https:\\\/\\\/www.gasthof-waltner.at\\\/?page_id=7#primaryimage\"},\"thumbnailUrl\":\"https:\\\/\\\/www.gasthof-waltner.at\\\/wp-content\\\/uploads\\\/2021\\\/03\\\/Catering-Waltner-1024x576.jpg\",\"datePublished\":\"2021-02-22T11:24:25+00:00\",\"dateModified\":\"2025-10-08T09:13:30+00:00\",\"description\":\"Catering f\u00fcr 10 - 300 Personen. Warme und kalte Buffets, belegte Br\u00f6tchen, kalte Platten und Mehlspeisenbuffets. Rufen Sie uns an! 02746\\\/2540\",\"breadcrumb\":{\"@id\":\"https:\\\/\\\/www.gasthof-waltner.at\\\/?page_id=7#breadcrumb\"},\"inLanguage\":\"de\",\"potentialAction\":[{\"@type\":\"ReadAction\",\"target\":[\"https:\\\/\\\/www.gasthof-waltner.at\\\/?page_id=7\"]}]},{\"@type\":\"ImageObject\",\"inLanguage\":\"de\",\"@id\":\"https:\\\/\\\/www.gasthof-waltner.at\\\/?page_id=7#primaryimage\",\"url\":\"https:\\\/\\\/www.gasthof-waltner.at\\\/wp-content\\\/uploads\\\/2021\\\/03\\\/Catering-Waltner.jpg\",\"contentUrl\":\"https:\\\/\\\/www.gasthof-waltner.at\\\/wp-content\\\/uploads\\\/2021\\\/03\\\/Catering-Waltner.jpg\",\"width\":1920,\"height\":1080,\"caption\":\"Catering Waltner\"},{\"@type\":\"BreadcrumbList\",\"@id\":\"https:\\\/\\\/www.gasthof-waltner.at\\\/?page_id=7#breadcrumb\",\"itemListElement\":[{\"@type\":\"ListItem\",\"position\":1,\"name\":\"Startseite\",\"item\":\"https:\\\/\\\/www.gasthof-waltner.at\\\/\"},{\"@type\":\"ListItem\",\"position\":2,\"name\":\"Catering\"}]},{\"@type\":\"WebSite\",\"@id\":\"https:\\\/\\\/www.gasthof-waltner.at\\\/#website\",\"url\":\"https:\\\/\\\/www.gasthof-waltner.at\\\/\",\"name\":\"Gasthof Waltner\",\"description\":\"3150 Wilhelmsburg | Tel: 02746\\\/2540\",\"potentialAction\":[{\"@type\":\"SearchAction\",\"target\":{\"@type\":\"EntryPoint\",\"urlTemplate\":\"https:\\\/\\\/www.gasthof-waltner.at\\\/?s={search_term_string}\"},\"query-input\":{\"@type\":\"PropertyValueSpecification\",\"valueRequired\":true,\"valueName\":\"search_term_string\"}}],\"inLanguage\":\"de\"}]}<\/script>\n<!-- \/ Yoast SEO plugin. -->","yoast_head_json":{"title":"Catering - Gasthof Waltner | Ihr Kulinarikpartner seit 1993","description":"Catering f\u00fcr 10 - 300 Personen. Warme und kalte Buffets, belegte Br\u00f6tchen, kalte Platten und Mehlspeisenbuffets. Rufen Sie uns an! 02746\/2540","robots":{"index":"index","follow":"follow","max-snippet":"max-snippet:-1","max-image-preview":"max-image-preview:large","max-video-preview":"max-video-preview:-1"},"canonical":"https:\/\/www.gasthof-waltner.at\/?page_id=7","og_locale":"de_DE","og_type":"article","og_title":"Catering - Gasthof Waltner | Ihr Kulinarikpartner seit 1993","og_description":"Catering f\u00fcr 10 - 300 Personen. Warme und kalte Buffets, belegte Br\u00f6tchen, kalte Platten und Mehlspeisenbuffets. Rufen Sie uns an! 02746\/2540","og_url":"https:\/\/www.gasthof-waltner.at\/?page_id=7","og_site_name":"Gasthof Waltner","article_modified_time":"2025-10-08T09:13:30+00:00","og_image":[{"width":1920,"height":1080,"url":"https:\/\/www.gasthof-waltner.at\/wp-content\/uploads\/2021\/03\/Catering-Waltner.jpg","type":"image\/jpeg"}],"twitter_card":"summary_large_image","twitter_misc":{"Gesch\u00e4tzte Lesezeit":"1\u00a0Minute"},"schema":{"@context":"https:\/\/schema.org","@graph":[{"@type":"WebPage","@id":"https:\/\/www.gasthof-waltner.at\/?page_id=7","url":"https:\/\/www.gasthof-waltner.at\/?page_id=7","name":"Catering - Gasthof Waltner | Ihr Kulinarikpartner seit 1993","isPartOf":{"@id":"https:\/\/www.gasthof-waltner.at\/#website"},"primaryImageOfPage":{"@id":"https:\/\/www.gasthof-waltner.at\/?page_id=7#primaryimage"},"image":{"@id":"https:\/\/www.gasthof-waltner.at\/?page_id=7#primaryimage"},"thumbnailUrl":"https:\/\/www.gasthof-waltner.at\/wp-content\/uploads\/2021\/03\/Catering-Waltner-1024x576.jpg","datePublished":"2021-02-22T11:24:25+00:00","dateModified":"2025-10-08T09:13:30+00:00","description":"Catering f\u00fcr 10 - 300 Personen. Warme und kalte Buffets, belegte Br\u00f6tchen, kalte Platten und Mehlspeisenbuffets. Rufen Sie uns an! 02746\/2540","breadcrumb":{"@id":"https:\/\/www.gasthof-waltner.at\/?page_id=7#breadcrumb"},"inLanguage":"de","potentialAction":[{"@type":"ReadAction","target":["https:\/\/www.gasthof-waltner.at\/?page_id=7"]}]},{"@type":"ImageObject","inLanguage":"de","@id":"https:\/\/www.gasthof-waltner.at\/?page_id=7#primaryimage","url":"https:\/\/www.gasthof-waltner.at\/wp-content\/uploads\/2021\/03\/Catering-Waltner.jpg","contentUrl":"https:\/\/www.gasthof-waltner.at\/wp-content\/uploads\/2021\/03\/Catering-Waltner.jpg","width":1920,"height":1080,"caption":"Catering Waltner"},{"@type":"BreadcrumbList","@id":"https:\/\/www.gasthof-waltner.at\/?page_id=7#breadcrumb","itemListElement":[{"@type":"ListItem","position":1,"name":"Startseite","item":"https:\/\/www.gasthof-waltner.at\/"},{"@type":"ListItem","position":2,"name":"Catering"}]},{"@type":"WebSite","@id":"https:\/\/www.gasthof-waltner.at\/#website","url":"https:\/\/www.gasthof-waltner.at\/","name":"Gasthof Waltner","description":"3150 Wilhelmsburg | Tel: 02746\/2540","potentialAction":[{"@type":"SearchAction","target":{"@type":"EntryPoint","urlTemplate":"https:\/\/www.gasthof-waltner.at\/?s={search_term_string}"},"query-input":{"@type":"PropertyValueSpecification","valueRequired":true,"valueName":"search_term_string"}}],"inLanguage":"de"}]}},"_links":{"self":[{"href":"https:\/\/www.gasthof-waltner.at\/index.php?rest_route=\/wp\/v2\/pages\/7","targetHints":{"allow":["GET"]}}],"collection":[{"href":"https:\/\/www.gasthof-waltner.at\/index.php?rest_route=\/wp\/v2\/pages"}],"about":[{"href":"https:\/\/www.gasthof-waltner.at\/index.php?rest_route=\/wp\/v2\/types\/page"}],"author":[{"embeddable":true,"href":"https:\/\/www.gasthof-waltner.at\/index.php?rest_route=\/wp\/v2\/users\/1"}],"replies":[{"embeddable":true,"href":"https:\/\/www.gasthof-waltner.at\/index.php?rest_route=%2Fwp%2Fv2%2Fcomments&post=7"}],"version-history":[{"count":10,"href":"https:\/\/www.gasthof-waltner.at\/index.php?rest_route=\/wp\/v2\/pages\/7\/revisions"}],"predecessor-version":[{"id":760,"href":"https:\/\/www.gasthof-waltner.at\/index.php?rest_route=\/wp\/v2\/pages\/7\/revisions\/760"}],"wp:attachment":[{"href":"https:\/\/www.gasthof-waltner.at\/index.php?rest_route=%2Fwp%2Fv2%2Fmedia&parent=7"}],"curies":[{"name":"wp","href":"https:\/\/api.w.org\/{rel}","templated":true}]}}