{"id":5,"date":"2021-02-22T11:22:39","date_gmt":"2021-02-22T11:22:39","guid":{"rendered":"http:\/\/www.gasthof-waltner.at\/?page_id=5"},"modified":"2026-01-28T10:46:58","modified_gmt":"2026-01-28T10:46:58","slug":"gasthof","status":"publish","type":"page","link":"https:\/\/www.gasthof-waltner.at\/","title":{"rendered":"Gasthof"},"content":{"rendered":"\n<figure class=\"wp-block-image alignfull size-large is-style-default\"><img loading=\"lazy\" decoding=\"async\" width=\"1024\" height=\"683\" src=\"https:\/\/www.gasthof-waltner.at\/wp-content\/uploads\/2021\/03\/Gasthof-Waltner1-1024x683.jpg\" alt=\"Gasthof Waltner\" class=\"wp-image-50\" srcset=\"https:\/\/www.gasthof-waltner.at\/wp-content\/uploads\/2021\/03\/Gasthof-Waltner1-1024x683.jpg 1024w, https:\/\/www.gasthof-waltner.at\/wp-content\/uploads\/2021\/03\/Gasthof-Waltner1-300x200.jpg 300w, https:\/\/www.gasthof-waltner.at\/wp-content\/uploads\/2021\/03\/Gasthof-Waltner1-768x512.jpg 768w, https:\/\/www.gasthof-waltner.at\/wp-content\/uploads\/2021\/03\/Gasthof-Waltner1-1536x1025.jpg 1536w, https:\/\/www.gasthof-waltner.at\/wp-content\/uploads\/2021\/03\/Gasthof-Waltner1-2048x1367.jpg 2048w, https:\/\/www.gasthof-waltner.at\/wp-content\/uploads\/2021\/03\/Gasthof-Waltner1-1568x1046.jpg 1568w\" sizes=\"auto, (max-width: 1024px) 100vw, 1024px\" \/><\/figure>\n\n\n\n<h2 class=\"wp-block-heading\">Herzlich willkommen im Gasthof Waltner<\/h2>\n\n\n\n<p>Gasthof, Catering und eigenen Weinbau betreiben wir als Familienbetrieb bereits seit 1967 im Herzen von N\u00d6.<\/p>\n\n\n\n<p>Nur 10 min von der Autobahnabfahrt St. P\u00f6lten S\u00fcd erreichen Sie schlie\u00dflich unseren Gasthof. Wir kochen haupts\u00e4chlich \u00f6sterreichische bodenst\u00e4ndige K\u00fcche. Dementsprechend verwenden wir \u00fcberwiegend Zutaten aus der Region. Au\u00dferdem stehen kostenlose Parkpl\u00e4tze zur Verf\u00fcgung. Unsere 16 Komfortzimmer (9 DZ, 7 EZ) sind mit Klimaanlage, W-Lan, Sat-TV, Minibar und Telefon ausgestattet. Dar\u00fcber hinaus gibt es in jedem Zimmer versperrbare Nachtk\u00e4stchen. Au\u00dferdem ist unser gesamter Betrieb barrierefrei.<\/p>\n\n\n\n<p>Wir freuen uns auf Ihre <a href=\"https:\/\/www.gasthof-waltner.at\/?page_id=31\">Kontaktaufnahme!<\/a><\/p>\n\n\n\n<p>Ihre Familie Waltner<\/p>\n\n\n\n<figure class=\"wp-block-image size-large\"><img loading=\"lazy\" decoding=\"async\" width=\"1024\" height=\"768\" src=\"https:\/\/www.gasthof-waltner.at\/wp-content\/uploads\/2021\/03\/20210308_122656-1024x768.jpg\" alt=\"Gasthof Waltner - Gaststube\" class=\"wp-image-53\" srcset=\"https:\/\/www.gasthof-waltner.at\/wp-content\/uploads\/2021\/03\/20210308_122656-1024x768.jpg 1024w, https:\/\/www.gasthof-waltner.at\/wp-content\/uploads\/2021\/03\/20210308_122656-300x225.jpg 300w, https:\/\/www.gasthof-waltner.at\/wp-content\/uploads\/2021\/03\/20210308_122656-768x576.jpg 768w, https:\/\/www.gasthof-waltner.at\/wp-content\/uploads\/2021\/03\/20210308_122656-1536x1152.jpg 1536w, https:\/\/www.gasthof-waltner.at\/wp-content\/uploads\/2021\/03\/20210308_122656-2048x1536.jpg 2048w, https:\/\/www.gasthof-waltner.at\/wp-content\/uploads\/2021\/03\/20210308_122656-1568x1176.jpg 1568w\" sizes=\"auto, (max-width: 1024px) 100vw, 1024px\" \/><figcaption class=\"wp-element-caption\">Gaststube<\/figcaption><\/figure>\n\n\n\n<p>1967 begannen Rosa und Josef Waltner in Wilhelmsburg mit dem Weinbau. Kurz darauf erweiterte der gelernte Fleischhauer den Betrieb mit einer Imbissstube. <br>1987 wurde der Betrieb von Sohn Wolfgang \u00fcbernommen. Nachdem  er viele Jahre Erfahrung in der internationalen Hotellerie und Gastronomie sammelte, erweiterte er den bestehenden Betrieb zu einem Gasthaus.<br>Schlie\u00dflich wurden in den Jahren 1990 &#8211; 1993 Fremdenzimmer gebaut und mit dem Catering begonnen.<\/p>\n\n\n\n<div class=\"wp-block-columns alignwide are-vertically-aligned-center is-style-twentytwentyone-columns-overlap is-layout-flex wp-container-core-columns-is-layout-9d6595d7 wp-block-columns-is-layout-flex\">\n<div class=\"wp-block-column is-vertically-aligned-center is-layout-flow wp-block-column-is-layout-flow\">\n<div class=\"wp-block-media-text alignwide is-stacked-on-mobile\"><figure class=\"wp-block-media-text__media\"><img loading=\"lazy\" decoding=\"async\" width=\"1024\" height=\"683\" src=\"https:\/\/www.gasthof-waltner.at\/wp-content\/uploads\/2021\/03\/DSC_3403-1024x683.jpg\" alt=\"Gasthof Waltner - K\u00fcchenchef Alexander\" class=\"wp-image-74 size-full\" srcset=\"https:\/\/www.gasthof-waltner.at\/wp-content\/uploads\/2021\/03\/DSC_3403-1024x683.jpg 1024w, https:\/\/www.gasthof-waltner.at\/wp-content\/uploads\/2021\/03\/DSC_3403-300x200.jpg 300w, https:\/\/www.gasthof-waltner.at\/wp-content\/uploads\/2021\/03\/DSC_3403-768x512.jpg 768w, https:\/\/www.gasthof-waltner.at\/wp-content\/uploads\/2021\/03\/DSC_3403-1536x1025.jpg 1536w, https:\/\/www.gasthof-waltner.at\/wp-content\/uploads\/2021\/03\/DSC_3403-2048x1367.jpg 2048w, https:\/\/www.gasthof-waltner.at\/wp-content\/uploads\/2021\/03\/DSC_3403-1568x1046.jpg 1568w\" sizes=\"auto, (max-width: 1024px) 100vw, 1024px\" \/><\/figure><div class=\"wp-block-media-text__content\">\n<blockquote class=\"wp-block-quote is-layout-flow wp-block-quote-is-layout-flow\">\n<p>Gutes Essen ist die Basis f\u00fcr ein gesundes Leben&#8220;<\/p>\n<cite>Alexander BERNHARD &#8211; K\u00fcchenchef<\/cite><\/blockquote>\n\n\n\n<p><\/p>\n<\/div><\/div>\n\n\n\n<p>Weil uns Nachhaltigkeit wichtig ist, produzieren wir Marmeladen, S\u00e4fte, Mehlspeisen, Fleisch- und Wurstwaren selbst im Haus. Dar\u00fcber hinaus stammt das Fleisch \u00fcberwiegend von Bauern aus der Region. Schlie\u00dflich werden Gem\u00fcse, Salate, Beeren und Kr\u00e4uter im eigenen Garten angebaut.<br>Unsere Hausg\u00e4ste erhalten neben einem herzhaften Fr\u00fchst\u00fcck gerne auch frischgekochte Speisen.<br><br>\u00d6ffnungszeiten: Montag &#8211; Freitag 15 &#8211; 21 Uhr   (K\u00fcchenschluss: 20 Uhr)<br>Speisen k\u00f6nnen auch gerne von Montag bis Freitag in der Zeit von 09 &#8211; 20 Uhr sowie am Samstag von 09 &#8211; 13 Uhr abgeholt werden.<\/p>\n\n\n<div class=\"wp-block-image is-style-default\">\n<figure class=\"aligncenter size-large is-resized\"><img loading=\"lazy\" decoding=\"async\" width=\"1024\" height=\"768\" src=\"https:\/\/www.gasthof-waltner.at\/wp-content\/uploads\/2021\/03\/20210308_131506-1-1024x768.jpg\" alt=\"DZ GH Waltner\" class=\"wp-image-73\" style=\"width:604px;height:453px\" srcset=\"https:\/\/www.gasthof-waltner.at\/wp-content\/uploads\/2021\/03\/20210308_131506-1-1024x768.jpg 1024w, https:\/\/www.gasthof-waltner.at\/wp-content\/uploads\/2021\/03\/20210308_131506-1-300x225.jpg 300w, https:\/\/www.gasthof-waltner.at\/wp-content\/uploads\/2021\/03\/20210308_131506-1-768x576.jpg 768w, https:\/\/www.gasthof-waltner.at\/wp-content\/uploads\/2021\/03\/20210308_131506-1-1536x1152.jpg 1536w, https:\/\/www.gasthof-waltner.at\/wp-content\/uploads\/2021\/03\/20210308_131506-1-2048x1536.jpg 2048w, https:\/\/www.gasthof-waltner.at\/wp-content\/uploads\/2021\/03\/20210308_131506-1-1568x1176.jpg 1568w\" sizes=\"auto, (max-width: 1024px) 100vw, 1024px\" \/><figcaption class=\"wp-element-caption\">DZ standard<\/figcaption><\/figure>\n<\/div>\n\n<div class=\"wp-block-image is-style-default\">\n<figure class=\"aligncenter size-large is-resized\"><img loading=\"lazy\" decoding=\"async\" width=\"1024\" height=\"768\" src=\"https:\/\/www.gasthof-waltner.at\/wp-content\/uploads\/2021\/03\/20210308_131057-1-1024x768.jpg\" alt=\"Gasthof Waltner - Badezimmer premium\" class=\"wp-image-71\" style=\"width:606px;height:455px\" srcset=\"https:\/\/www.gasthof-waltner.at\/wp-content\/uploads\/2021\/03\/20210308_131057-1-1024x768.jpg 1024w, https:\/\/www.gasthof-waltner.at\/wp-content\/uploads\/2021\/03\/20210308_131057-1-300x225.jpg 300w, https:\/\/www.gasthof-waltner.at\/wp-content\/uploads\/2021\/03\/20210308_131057-1-768x576.jpg 768w, https:\/\/www.gasthof-waltner.at\/wp-content\/uploads\/2021\/03\/20210308_131057-1-1536x1152.jpg 1536w, https:\/\/www.gasthof-waltner.at\/wp-content\/uploads\/2021\/03\/20210308_131057-1-2048x1536.jpg 2048w, https:\/\/www.gasthof-waltner.at\/wp-content\/uploads\/2021\/03\/20210308_131057-1-1568x1176.jpg 1568w\" sizes=\"auto, (max-width: 1024px) 100vw, 1024px\" \/><figcaption class=\"wp-element-caption\">Bad WC premium<\/figcaption><\/figure>\n<\/div>\n\n<div class=\"wp-block-image is-style-default\">\n<figure class=\"aligncenter size-large is-resized\"><img loading=\"lazy\" decoding=\"async\" width=\"1024\" height=\"768\" src=\"https:\/\/www.gasthof-waltner.at\/wp-content\/uploads\/2021\/03\/20210308_131341-1-1024x768.jpg\" alt=\"EZ GH Waltner\" class=\"wp-image-72\" style=\"width:605px;height:454px\" srcset=\"https:\/\/www.gasthof-waltner.at\/wp-content\/uploads\/2021\/03\/20210308_131341-1-1024x768.jpg 1024w, https:\/\/www.gasthof-waltner.at\/wp-content\/uploads\/2021\/03\/20210308_131341-1-300x225.jpg 300w, https:\/\/www.gasthof-waltner.at\/wp-content\/uploads\/2021\/03\/20210308_131341-1-768x576.jpg 768w, https:\/\/www.gasthof-waltner.at\/wp-content\/uploads\/2021\/03\/20210308_131341-1-1536x1152.jpg 1536w, https:\/\/www.gasthof-waltner.at\/wp-content\/uploads\/2021\/03\/20210308_131341-1-2048x1536.jpg 2048w, https:\/\/www.gasthof-waltner.at\/wp-content\/uploads\/2021\/03\/20210308_131341-1-1568x1176.jpg 1568w\" sizes=\"auto, (max-width: 1024px) 100vw, 1024px\" \/><figcaption class=\"wp-element-caption\">EZ<\/figcaption><\/figure>\n<\/div>\n\n<div class=\"wp-block-image is-style-default\">\n<figure class=\"aligncenter size-large is-resized\"><img loading=\"lazy\" decoding=\"async\" width=\"1024\" height=\"768\" src=\"https:\/\/www.gasthof-waltner.at\/wp-content\/uploads\/2021\/03\/20210308_130504-1-1024x768.jpg\" alt=\"Gasthof Waltner - Badezimmer\" class=\"wp-image-70\" style=\"width:605px;height:454px\" srcset=\"https:\/\/www.gasthof-waltner.at\/wp-content\/uploads\/2021\/03\/20210308_130504-1-1024x768.jpg 1024w, https:\/\/www.gasthof-waltner.at\/wp-content\/uploads\/2021\/03\/20210308_130504-1-300x225.jpg 300w, https:\/\/www.gasthof-waltner.at\/wp-content\/uploads\/2021\/03\/20210308_130504-1-768x576.jpg 768w, https:\/\/www.gasthof-waltner.at\/wp-content\/uploads\/2021\/03\/20210308_130504-1-1536x1152.jpg 1536w, https:\/\/www.gasthof-waltner.at\/wp-content\/uploads\/2021\/03\/20210308_130504-1-2048x1536.jpg 2048w, https:\/\/www.gasthof-waltner.at\/wp-content\/uploads\/2021\/03\/20210308_130504-1-1568x1176.jpg 1568w\" sizes=\"auto, (max-width: 1024px) 100vw, 1024px\" \/><figcaption class=\"wp-element-caption\">Bad WC<\/figcaption><\/figure>\n<\/div>\n\n<div class=\"wp-block-image is-style-default\">\n<figure class=\"aligncenter size-large is-resized\"><img loading=\"lazy\" decoding=\"async\" width=\"1024\" height=\"683\" src=\"https:\/\/www.gasthof-waltner.at\/wp-content\/uploads\/2021\/03\/DSC_3415-1024x683.jpg\" alt=\"Gasthof Waltner - Marmeladen\" class=\"wp-image-87\" style=\"width:606px;height:404px\" srcset=\"https:\/\/www.gasthof-waltner.at\/wp-content\/uploads\/2021\/03\/DSC_3415-1024x683.jpg 1024w, https:\/\/www.gasthof-waltner.at\/wp-content\/uploads\/2021\/03\/DSC_3415-300x200.jpg 300w, https:\/\/www.gasthof-waltner.at\/wp-content\/uploads\/2021\/03\/DSC_3415-768x512.jpg 768w, https:\/\/www.gasthof-waltner.at\/wp-content\/uploads\/2021\/03\/DSC_3415-1536x1025.jpg 1536w, https:\/\/www.gasthof-waltner.at\/wp-content\/uploads\/2021\/03\/DSC_3415-2048x1367.jpg 2048w, https:\/\/www.gasthof-waltner.at\/wp-content\/uploads\/2021\/03\/DSC_3415-1568x1046.jpg 1568w\" sizes=\"auto, (max-width: 1024px) 100vw, 1024px\" \/><figcaption class=\"wp-element-caption\">Hausgemachte Marmeladen und S\u00e4fte<\/figcaption><\/figure>\n<\/div><\/div>\n<\/div>\n\n\n\n<p><a href=\"https:\/\/www.wilhelmsburg.at\/Freizeit\/Allgemeine_Information\" target=\"_blank\" rel=\"noreferrer noopener\">Abschlie\u00dfend finden Sie hier weitere Informationen \u00fcber Freizeitm\u00f6glichkeiten und mehr in der Gemeinde Wilhelmsburg &#8211;&gt;<\/a><\/p>\n","protected":false},"excerpt":{"rendered":"<p>Herzlich willkommen im Gasthof Waltner Gasthof, Catering und eigenen Weinbau betreiben wir als Familienbetrieb bereits seit 1967 im Herzen von N\u00d6. Nur 10 min von der Autobahnabfahrt St. P\u00f6lten S\u00fcd erreichen Sie schlie\u00dflich unseren Gasthof. Wir kochen haupts\u00e4chlich \u00f6sterreichische bodenst\u00e4ndige K\u00fcche. Dementsprechend verwenden wir \u00fcberwiegend Zutaten aus der Region. Au\u00dferdem stehen kostenlose Parkpl\u00e4tze zur Verf\u00fcgung.&hellip; <a class=\"more-link\" href=\"https:\/\/www.gasthof-waltner.at\/\"><span class=\"screen-reader-text\">Gasthof<\/span> weiterlesen<\/a><\/p>\n","protected":false},"author":1,"featured_media":0,"parent":0,"menu_order":0,"comment_status":"closed","ping_status":"closed","template":"","meta":{"footnotes":""},"class_list":["post-5","page","type-page","status-publish","hentry","entry"],"yoast_head":"<!-- This site is optimized with the Yoast SEO plugin v27.4 - https:\/\/yoast.com\/product\/yoast-seo-wordpress\/ -->\n<title>Gasthof Waltner | Gasthof - Catering - Weinkellerei in Nieder\u00f6sterreich<\/title>\n<meta name=\"description\" content=\"Der Gasthof Waltner freut sich auf Ihren Besuch. 10 min von der Autobahnabfahrt St. P\u00f6lten S\u00fcd entfernt bieten wir auch 16 Komfortzimmer.\" \/>\n<meta name=\"robots\" content=\"index, follow, max-snippet:-1, max-image-preview:large, max-video-preview:-1\" \/>\n<link rel=\"canonical\" href=\"https:\/\/www.gasthof-waltner.at\/\" \/>\n<meta property=\"og:locale\" content=\"de_DE\" \/>\n<meta property=\"og:type\" content=\"article\" \/>\n<meta property=\"og:title\" content=\"Gasthof Waltner | Gasthof - Catering - Weinkellerei in Nieder\u00f6sterreich\" \/>\n<meta property=\"og:description\" content=\"Der Gasthof Waltner freut sich auf Ihren Besuch. 10 min von der Autobahnabfahrt St. P\u00f6lten S\u00fcd entfernt bieten wir auch 16 Komfortzimmer.\" \/>\n<meta property=\"og:url\" content=\"https:\/\/www.gasthof-waltner.at\/\" \/>\n<meta property=\"og:site_name\" content=\"Gasthof Waltner\" \/>\n<meta property=\"article:modified_time\" content=\"2026-01-28T10:46:58+00:00\" \/>\n<meta property=\"og:image\" content=\"https:\/\/www.gasthof-waltner.at\/wp-content\/uploads\/2021\/03\/Gasthof-Waltner1-scaled.jpg\" \/>\n\t<meta property=\"og:image:width\" content=\"2560\" \/>\n\t<meta property=\"og:image:height\" content=\"1708\" \/>\n\t<meta property=\"og:image:type\" content=\"image\/jpeg\" \/>\n<meta name=\"twitter:card\" content=\"summary_large_image\" \/>\n<meta name=\"twitter:label1\" content=\"Gesch\u00e4tzte Lesezeit\" \/>\n\t<meta name=\"twitter:data1\" content=\"4\u00a0Minuten\" \/>\n<script type=\"application\/ld+json\" class=\"yoast-schema-graph\">{\"@context\":\"https:\\\/\\\/schema.org\",\"@graph\":[{\"@type\":\"WebPage\",\"@id\":\"https:\\\/\\\/www.gasthof-waltner.at\\\/\",\"url\":\"https:\\\/\\\/www.gasthof-waltner.at\\\/\",\"name\":\"Gasthof Waltner | Gasthof - Catering - Weinkellerei in Nieder\u00f6sterreich\",\"isPartOf\":{\"@id\":\"https:\\\/\\\/www.gasthof-waltner.at\\\/#website\"},\"primaryImageOfPage\":{\"@id\":\"https:\\\/\\\/www.gasthof-waltner.at\\\/#primaryimage\"},\"image\":{\"@id\":\"https:\\\/\\\/www.gasthof-waltner.at\\\/#primaryimage\"},\"thumbnailUrl\":\"https:\\\/\\\/www.gasthof-waltner.at\\\/wp-content\\\/uploads\\\/2021\\\/03\\\/Gasthof-Waltner1-1024x683.jpg\",\"datePublished\":\"2021-02-22T11:22:39+00:00\",\"dateModified\":\"2026-01-28T10:46:58+00:00\",\"description\":\"Der Gasthof Waltner freut sich auf Ihren Besuch. 10 min von der Autobahnabfahrt St. P\u00f6lten S\u00fcd entfernt bieten wir auch 16 Komfortzimmer.\",\"breadcrumb\":{\"@id\":\"https:\\\/\\\/www.gasthof-waltner.at\\\/#breadcrumb\"},\"inLanguage\":\"de\",\"potentialAction\":[{\"@type\":\"ReadAction\",\"target\":[\"https:\\\/\\\/www.gasthof-waltner.at\\\/\"]}]},{\"@type\":\"ImageObject\",\"inLanguage\":\"de\",\"@id\":\"https:\\\/\\\/www.gasthof-waltner.at\\\/#primaryimage\",\"url\":\"https:\\\/\\\/www.gasthof-waltner.at\\\/wp-content\\\/uploads\\\/2021\\\/03\\\/Gasthof-Waltner1-1024x683.jpg\",\"contentUrl\":\"https:\\\/\\\/www.gasthof-waltner.at\\\/wp-content\\\/uploads\\\/2021\\\/03\\\/Gasthof-Waltner1-1024x683.jpg\"},{\"@type\":\"BreadcrumbList\",\"@id\":\"https:\\\/\\\/www.gasthof-waltner.at\\\/#breadcrumb\",\"itemListElement\":[{\"@type\":\"ListItem\",\"position\":1,\"name\":\"Startseite\",\"item\":\"https:\\\/\\\/www.gasthof-waltner.at\\\/\"},{\"@type\":\"ListItem\",\"position\":2,\"name\":\"Gasthof\"}]},{\"@type\":\"WebSite\",\"@id\":\"https:\\\/\\\/www.gasthof-waltner.at\\\/#website\",\"url\":\"https:\\\/\\\/www.gasthof-waltner.at\\\/\",\"name\":\"Gasthof Waltner\",\"description\":\"3150 Wilhelmsburg | Tel: 02746\\\/2540\",\"potentialAction\":[{\"@type\":\"SearchAction\",\"target\":{\"@type\":\"EntryPoint\",\"urlTemplate\":\"https:\\\/\\\/www.gasthof-waltner.at\\\/?s={search_term_string}\"},\"query-input\":{\"@type\":\"PropertyValueSpecification\",\"valueRequired\":true,\"valueName\":\"search_term_string\"}}],\"inLanguage\":\"de\"}]}<\/script>\n<!-- \/ Yoast SEO plugin. -->","yoast_head_json":{"title":"Gasthof Waltner | Gasthof - Catering - Weinkellerei in Nieder\u00f6sterreich","description":"Der Gasthof Waltner freut sich auf Ihren Besuch. 10 min von der Autobahnabfahrt St. P\u00f6lten S\u00fcd entfernt bieten wir auch 16 Komfortzimmer.","robots":{"index":"index","follow":"follow","max-snippet":"max-snippet:-1","max-image-preview":"max-image-preview:large","max-video-preview":"max-video-preview:-1"},"canonical":"https:\/\/www.gasthof-waltner.at\/","og_locale":"de_DE","og_type":"article","og_title":"Gasthof Waltner | Gasthof - Catering - Weinkellerei in Nieder\u00f6sterreich","og_description":"Der Gasthof Waltner freut sich auf Ihren Besuch. 10 min von der Autobahnabfahrt St. P\u00f6lten S\u00fcd entfernt bieten wir auch 16 Komfortzimmer.","og_url":"https:\/\/www.gasthof-waltner.at\/","og_site_name":"Gasthof Waltner","article_modified_time":"2026-01-28T10:46:58+00:00","og_image":[{"width":2560,"height":1708,"url":"https:\/\/www.gasthof-waltner.at\/wp-content\/uploads\/2021\/03\/Gasthof-Waltner1-scaled.jpg","type":"image\/jpeg"}],"twitter_card":"summary_large_image","twitter_misc":{"Gesch\u00e4tzte Lesezeit":"4\u00a0Minuten"},"schema":{"@context":"https:\/\/schema.org","@graph":[{"@type":"WebPage","@id":"https:\/\/www.gasthof-waltner.at\/","url":"https:\/\/www.gasthof-waltner.at\/","name":"Gasthof Waltner | Gasthof - Catering - Weinkellerei in Nieder\u00f6sterreich","isPartOf":{"@id":"https:\/\/www.gasthof-waltner.at\/#website"},"primaryImageOfPage":{"@id":"https:\/\/www.gasthof-waltner.at\/#primaryimage"},"image":{"@id":"https:\/\/www.gasthof-waltner.at\/#primaryimage"},"thumbnailUrl":"https:\/\/www.gasthof-waltner.at\/wp-content\/uploads\/2021\/03\/Gasthof-Waltner1-1024x683.jpg","datePublished":"2021-02-22T11:22:39+00:00","dateModified":"2026-01-28T10:46:58+00:00","description":"Der Gasthof Waltner freut sich auf Ihren Besuch. 10 min von der Autobahnabfahrt St. P\u00f6lten S\u00fcd entfernt bieten wir auch 16 Komfortzimmer.","breadcrumb":{"@id":"https:\/\/www.gasthof-waltner.at\/#breadcrumb"},"inLanguage":"de","potentialAction":[{"@type":"ReadAction","target":["https:\/\/www.gasthof-waltner.at\/"]}]},{"@type":"ImageObject","inLanguage":"de","@id":"https:\/\/www.gasthof-waltner.at\/#primaryimage","url":"https:\/\/www.gasthof-waltner.at\/wp-content\/uploads\/2021\/03\/Gasthof-Waltner1-1024x683.jpg","contentUrl":"https:\/\/www.gasthof-waltner.at\/wp-content\/uploads\/2021\/03\/Gasthof-Waltner1-1024x683.jpg"},{"@type":"BreadcrumbList","@id":"https:\/\/www.gasthof-waltner.at\/#breadcrumb","itemListElement":[{"@type":"ListItem","position":1,"name":"Startseite","item":"https:\/\/www.gasthof-waltner.at\/"},{"@type":"ListItem","position":2,"name":"Gasthof"}]},{"@type":"WebSite","@id":"https:\/\/www.gasthof-waltner.at\/#website","url":"https:\/\/www.gasthof-waltner.at\/","name":"Gasthof Waltner","description":"3150 Wilhelmsburg | Tel: 02746\/2540","potentialAction":[{"@type":"SearchAction","target":{"@type":"EntryPoint","urlTemplate":"https:\/\/www.gasthof-waltner.at\/?s={search_term_string}"},"query-input":{"@type":"PropertyValueSpecification","valueRequired":true,"valueName":"search_term_string"}}],"inLanguage":"de"}]}},"_links":{"self":[{"href":"https:\/\/www.gasthof-waltner.at\/index.php?rest_route=\/wp\/v2\/pages\/5","targetHints":{"allow":["GET"]}}],"collection":[{"href":"https:\/\/www.gasthof-waltner.at\/index.php?rest_route=\/wp\/v2\/pages"}],"about":[{"href":"https:\/\/www.gasthof-waltner.at\/index.php?rest_route=\/wp\/v2\/types\/page"}],"author":[{"embeddable":true,"href":"https:\/\/www.gasthof-waltner.at\/index.php?rest_route=\/wp\/v2\/users\/1"}],"replies":[{"embeddable":true,"href":"https:\/\/www.gasthof-waltner.at\/index.php?rest_route=%2Fwp%2Fv2%2Fcomments&post=5"}],"version-history":[{"count":26,"href":"https:\/\/www.gasthof-waltner.at\/index.php?rest_route=\/wp\/v2\/pages\/5\/revisions"}],"predecessor-version":[{"id":805,"href":"https:\/\/www.gasthof-waltner.at\/index.php?rest_route=\/wp\/v2\/pages\/5\/revisions\/805"}],"wp:attachment":[{"href":"https:\/\/www.gasthof-waltner.at\/index.php?rest_route=%2Fwp%2Fv2%2Fmedia&parent=5"}],"curies":[{"name":"wp","href":"https:\/\/api.w.org\/{rel}","templated":true}]}}