{"id":31,"date":"2021-02-22T13:49:30","date_gmt":"2021-02-22T13:49:30","guid":{"rendered":"http:\/\/www.gasthof-waltner.at\/?page_id=31"},"modified":"2021-03-26T10:59:16","modified_gmt":"2021-03-26T10:59:16","slug":"impressum","status":"publish","type":"page","link":"https:\/\/www.gasthof-waltner.at\/?page_id=31","title":{"rendered":"Impressum"},"content":{"rendered":"\n<p>Gasthof WALTNER<br>Wolfgang Waltner<br>Gasthof | Catering | Weinbau<br>Oberer Weinberg 1a<br>3150 Wilhelmsburg<br>Tel: 02746\/2540<br>Mail: <a rel=\"noreferrer noopener\" href=\"mailto:office@gasthof-waltner.at\" target=\"_blank\">office@gasthof-waltner.at<\/a><br>UID-Nr.: ATU19906305<\/p>\n\n\n\n<div class=\"wp-block-group\"><div class=\"wp-block-group__inner-container is-layout-flow wp-block-group-is-layout-flow\">\n<figure class=\"wp-block-image size-large\"><a href=\"https:\/\/goo.gl\/maps\/PYaMh7T5vVZNBUdM6\" target=\"_blank\" rel=\"noopener\"><img loading=\"lazy\" decoding=\"async\" width=\"1024\" height=\"769\" src=\"https:\/\/www.gasthof-waltner.at\/wp-content\/uploads\/2021\/02\/google-maps-1024x769.jpg\" alt=\"Gasthof Waltner map\" class=\"wp-image-41\" srcset=\"https:\/\/www.gasthof-waltner.at\/wp-content\/uploads\/2021\/02\/google-maps-1024x769.jpg 1024w, https:\/\/www.gasthof-waltner.at\/wp-content\/uploads\/2021\/02\/google-maps-300x225.jpg 300w, https:\/\/www.gasthof-waltner.at\/wp-content\/uploads\/2021\/02\/google-maps-768x577.jpg 768w, https:\/\/www.gasthof-waltner.at\/wp-content\/uploads\/2021\/02\/google-maps.jpg 1328w\" sizes=\"auto, (max-width: 1024px) 100vw, 1024px\" \/><\/a><\/figure>\n<\/div><\/div>\n\n\n\n<p><strong>Rechtlicher Hinweis:<\/strong><\/p>\n\n\n\n<p>Alle auf dieser Internetseite ver\u00f6ffentlichten Inhalte wie Texte, Bilder, Logos, Grafiken, Dateien (Word und PDF) sowie der Quelltext dieser Seite sind urheberrechtlich gesch\u00fctzt. Texte, Bilder, Logos und Dateien d\u00fcrfen ohne meine Zustimmung weder kopiert, vervielf\u00e4ltigt noch ver\u00e4ndert werden.<\/p>\n\n\n\n<p>F\u00fcr den Inhalt verantwortlich:<br>Wolfgang Waltner<\/p>\n\n\n\n<p><strong>Datenschutz:&nbsp;<\/strong>Diese Website benutzt Google Analytics, einen Webanalysedienst der Google Inc. (\u201eGoogle\u201c). Google Analytics verwendet sog. \u201eCookies\u201c, Textdateien, die auf Ihrem Computer gespeichert werden und die eine Analyse der Benutzung der Website durch Sie erm\u00f6glichen. Die durch den Cookie erzeugten Informationen \u00fcber Ihre Benutzung dieser Website werden in der Regel an einen Server von Google in den USA \u00fcbertragen und dort gespeichert. Im Falle der Aktivierung der IP-Anonymisierung auf dieser Webseite, wird Ihre IP-Adresse von Google jedoch innerhalb von Mitgliedstaaten der Europ\u00e4ischen Union oder in anderen Vertragsstaaten des Abkommens \u00fcber den Europ\u00e4ischen Wirtschaftsraum zuvor gek\u00fcrzt. Nur in Ausnahmef\u00e4llen wird die volle IP-Adresse an einen Server von Google in den USA \u00fcbertragen und dort gek\u00fcrzt. Im Auftrag des Betreibers dieser Website wird Google diese Informationen benutzen, um Ihre Nutzung der Website auszuwerten, um Reports \u00fcber die Websiteaktivit\u00e4ten zusammenzustellen und um weitere mit der Websitenutzung und der Internetnutzung verbundene Dienstleistungen gegen\u00fcber dem Websitebetreiber zu erbringen.Die im Rahmen von Google Analytics von Ihrem Browser \u00fcbermittelte IP-Adresse wird nicht mit anderen Daten von Google zusammengef\u00fchrt. Sie k\u00f6nnen die Speicherung der Cookies durch eine entsprechende Einstellung Ihrer Browser-Software verhindern; wir weisen Sie jedoch darauf hin, dass Sie in diesem Fall gegebenenfalls nicht s\u00e4mtliche Funktionen dieser Website vollumf\u00e4nglich werden nutzen k\u00f6nnen. Sie k\u00f6nnen dar\u00fcber hinaus die Erfassung der durch das Cookie erzeugten und auf Ihre Nutzung der Website bezogenen Daten (inkl. Ihrer IP-Adresse) an Google sowie die Verarbeitung dieser Daten durch Google verhindern, indem sie das unter dem folgenden Link verf\u00fcgbare Browser-Plugin herunterladen und installieren:<a href=\"http:\/\/tools.google.com\/dlpage\/gaoptout?hl=de\">http:\/\/tools.google.com\/dlpage\/gaoptout?hl=de.<\/a><\/p>\n","protected":false},"excerpt":{"rendered":"<p>Gasthof WALTNERWolfgang WaltnerGasthof | Catering | WeinbauOberer Weinberg 1a3150 WilhelmsburgTel: 02746\/2540Mail: office@gasthof-waltner.atUID-Nr.: ATU19906305 Rechtlicher Hinweis: Alle auf dieser Internetseite ver\u00f6ffentlichten Inhalte wie Texte, Bilder, Logos, Grafiken, Dateien (Word und PDF) sowie der Quelltext dieser Seite sind urheberrechtlich gesch\u00fctzt. Texte, Bilder, Logos und Dateien d\u00fcrfen ohne meine Zustimmung weder kopiert, vervielf\u00e4ltigt noch ver\u00e4ndert werden. F\u00fcr den&hellip; <a class=\"more-link\" href=\"https:\/\/www.gasthof-waltner.at\/?page_id=31\"><span class=\"screen-reader-text\">Impressum<\/span> weiterlesen<\/a><\/p>\n","protected":false},"author":1,"featured_media":0,"parent":0,"menu_order":0,"comment_status":"closed","ping_status":"closed","template":"","meta":{"footnotes":""},"class_list":["post-31","page","type-page","status-publish","hentry","entry"],"yoast_head":"<!-- This site is optimized with the Yoast SEO plugin v27.5 - https:\/\/yoast.com\/product\/yoast-seo-wordpress\/ -->\n<title>Impressum - Gasthof Waltner<\/title>\n<meta name=\"robots\" content=\"index, follow, max-snippet:-1, max-image-preview:large, max-video-preview:-1\" \/>\n<link rel=\"canonical\" href=\"https:\/\/www.gasthof-waltner.at\/?page_id=31\" \/>\n<meta property=\"og:locale\" content=\"de_DE\" \/>\n<meta property=\"og:type\" content=\"article\" \/>\n<meta property=\"og:title\" content=\"Impressum - Gasthof Waltner\" \/>\n<meta property=\"og:description\" content=\"Gasthof WALTNERWolfgang WaltnerGasthof | Catering | WeinbauOberer Weinberg 1a3150 WilhelmsburgTel: 02746\/2540Mail: office@gasthof-waltner.atUID-Nr.: ATU19906305 Rechtlicher Hinweis: Alle auf dieser Internetseite ver\u00f6ffentlichten Inhalte wie Texte, Bilder, Logos, Grafiken, Dateien (Word und PDF) sowie der Quelltext dieser Seite sind urheberrechtlich gesch\u00fctzt. Texte, Bilder, Logos und Dateien d\u00fcrfen ohne meine Zustimmung weder kopiert, vervielf\u00e4ltigt noch ver\u00e4ndert werden. F\u00fcr den&hellip; Impressum weiterlesen\" \/>\n<meta property=\"og:url\" content=\"https:\/\/www.gasthof-waltner.at\/?page_id=31\" \/>\n<meta property=\"og:site_name\" content=\"Gasthof Waltner\" \/>\n<meta property=\"article:modified_time\" content=\"2021-03-26T10:59:16+00:00\" \/>\n<meta property=\"og:image\" content=\"http:\/\/www.gasthof-waltner.at\/wp-content\/uploads\/2021\/02\/google-maps-1024x769.jpg\" \/>\n<meta name=\"twitter:card\" content=\"summary_large_image\" \/>\n<meta name=\"twitter:label1\" content=\"Gesch\u00e4tzte Lesezeit\" \/>\n\t<meta name=\"twitter:data1\" content=\"2\u00a0Minuten\" \/>\n<script type=\"application\/ld+json\" class=\"yoast-schema-graph\">{\"@context\":\"https:\\\/\\\/schema.org\",\"@graph\":[{\"@type\":\"WebPage\",\"@id\":\"https:\\\/\\\/www.gasthof-waltner.at\\\/?page_id=31\",\"url\":\"https:\\\/\\\/www.gasthof-waltner.at\\\/?page_id=31\",\"name\":\"Impressum - Gasthof Waltner\",\"isPartOf\":{\"@id\":\"https:\\\/\\\/www.gasthof-waltner.at\\\/#website\"},\"primaryImageOfPage\":{\"@id\":\"https:\\\/\\\/www.gasthof-waltner.at\\\/?page_id=31#primaryimage\"},\"image\":{\"@id\":\"https:\\\/\\\/www.gasthof-waltner.at\\\/?page_id=31#primaryimage\"},\"thumbnailUrl\":\"http:\\\/\\\/www.gasthof-waltner.at\\\/wp-content\\\/uploads\\\/2021\\\/02\\\/google-maps-1024x769.jpg\",\"datePublished\":\"2021-02-22T13:49:30+00:00\",\"dateModified\":\"2021-03-26T10:59:16+00:00\",\"breadcrumb\":{\"@id\":\"https:\\\/\\\/www.gasthof-waltner.at\\\/?page_id=31#breadcrumb\"},\"inLanguage\":\"de\",\"potentialAction\":[{\"@type\":\"ReadAction\",\"target\":[\"https:\\\/\\\/www.gasthof-waltner.at\\\/?page_id=31\"]}]},{\"@type\":\"ImageObject\",\"inLanguage\":\"de\",\"@id\":\"https:\\\/\\\/www.gasthof-waltner.at\\\/?page_id=31#primaryimage\",\"url\":\"http:\\\/\\\/www.gasthof-waltner.at\\\/wp-content\\\/uploads\\\/2021\\\/02\\\/google-maps-1024x769.jpg\",\"contentUrl\":\"http:\\\/\\\/www.gasthof-waltner.at\\\/wp-content\\\/uploads\\\/2021\\\/02\\\/google-maps-1024x769.jpg\"},{\"@type\":\"BreadcrumbList\",\"@id\":\"https:\\\/\\\/www.gasthof-waltner.at\\\/?page_id=31#breadcrumb\",\"itemListElement\":[{\"@type\":\"ListItem\",\"position\":1,\"name\":\"Startseite\",\"item\":\"https:\\\/\\\/www.gasthof-waltner.at\\\/\"},{\"@type\":\"ListItem\",\"position\":2,\"name\":\"Impressum\"}]},{\"@type\":\"WebSite\",\"@id\":\"https:\\\/\\\/www.gasthof-waltner.at\\\/#website\",\"url\":\"https:\\\/\\\/www.gasthof-waltner.at\\\/\",\"name\":\"Gasthof Waltner\",\"description\":\"3150 Wilhelmsburg | Tel: 02746\\\/2540\",\"potentialAction\":[{\"@type\":\"SearchAction\",\"target\":{\"@type\":\"EntryPoint\",\"urlTemplate\":\"https:\\\/\\\/www.gasthof-waltner.at\\\/?s={search_term_string}\"},\"query-input\":{\"@type\":\"PropertyValueSpecification\",\"valueRequired\":true,\"valueName\":\"search_term_string\"}}],\"inLanguage\":\"de\"}]}<\/script>\n<!-- \/ Yoast SEO plugin. -->","yoast_head_json":{"title":"Impressum - Gasthof Waltner","robots":{"index":"index","follow":"follow","max-snippet":"max-snippet:-1","max-image-preview":"max-image-preview:large","max-video-preview":"max-video-preview:-1"},"canonical":"https:\/\/www.gasthof-waltner.at\/?page_id=31","og_locale":"de_DE","og_type":"article","og_title":"Impressum - Gasthof Waltner","og_description":"Gasthof WALTNERWolfgang WaltnerGasthof | Catering | WeinbauOberer Weinberg 1a3150 WilhelmsburgTel: 02746\/2540Mail: office@gasthof-waltner.atUID-Nr.: ATU19906305 Rechtlicher Hinweis: Alle auf dieser Internetseite ver\u00f6ffentlichten Inhalte wie Texte, Bilder, Logos, Grafiken, Dateien (Word und PDF) sowie der Quelltext dieser Seite sind urheberrechtlich gesch\u00fctzt. Texte, Bilder, Logos und Dateien d\u00fcrfen ohne meine Zustimmung weder kopiert, vervielf\u00e4ltigt noch ver\u00e4ndert werden. F\u00fcr den&hellip; Impressum weiterlesen","og_url":"https:\/\/www.gasthof-waltner.at\/?page_id=31","og_site_name":"Gasthof Waltner","article_modified_time":"2021-03-26T10:59:16+00:00","og_image":[{"url":"http:\/\/www.gasthof-waltner.at\/wp-content\/uploads\/2021\/02\/google-maps-1024x769.jpg","type":"","width":"","height":""}],"twitter_card":"summary_large_image","twitter_misc":{"Gesch\u00e4tzte Lesezeit":"2\u00a0Minuten"},"schema":{"@context":"https:\/\/schema.org","@graph":[{"@type":"WebPage","@id":"https:\/\/www.gasthof-waltner.at\/?page_id=31","url":"https:\/\/www.gasthof-waltner.at\/?page_id=31","name":"Impressum - Gasthof Waltner","isPartOf":{"@id":"https:\/\/www.gasthof-waltner.at\/#website"},"primaryImageOfPage":{"@id":"https:\/\/www.gasthof-waltner.at\/?page_id=31#primaryimage"},"image":{"@id":"https:\/\/www.gasthof-waltner.at\/?page_id=31#primaryimage"},"thumbnailUrl":"http:\/\/www.gasthof-waltner.at\/wp-content\/uploads\/2021\/02\/google-maps-1024x769.jpg","datePublished":"2021-02-22T13:49:30+00:00","dateModified":"2021-03-26T10:59:16+00:00","breadcrumb":{"@id":"https:\/\/www.gasthof-waltner.at\/?page_id=31#breadcrumb"},"inLanguage":"de","potentialAction":[{"@type":"ReadAction","target":["https:\/\/www.gasthof-waltner.at\/?page_id=31"]}]},{"@type":"ImageObject","inLanguage":"de","@id":"https:\/\/www.gasthof-waltner.at\/?page_id=31#primaryimage","url":"http:\/\/www.gasthof-waltner.at\/wp-content\/uploads\/2021\/02\/google-maps-1024x769.jpg","contentUrl":"http:\/\/www.gasthof-waltner.at\/wp-content\/uploads\/2021\/02\/google-maps-1024x769.jpg"},{"@type":"BreadcrumbList","@id":"https:\/\/www.gasthof-waltner.at\/?page_id=31#breadcrumb","itemListElement":[{"@type":"ListItem","position":1,"name":"Startseite","item":"https:\/\/www.gasthof-waltner.at\/"},{"@type":"ListItem","position":2,"name":"Impressum"}]},{"@type":"WebSite","@id":"https:\/\/www.gasthof-waltner.at\/#website","url":"https:\/\/www.gasthof-waltner.at\/","name":"Gasthof Waltner","description":"3150 Wilhelmsburg | Tel: 02746\/2540","potentialAction":[{"@type":"SearchAction","target":{"@type":"EntryPoint","urlTemplate":"https:\/\/www.gasthof-waltner.at\/?s={search_term_string}"},"query-input":{"@type":"PropertyValueSpecification","valueRequired":true,"valueName":"search_term_string"}}],"inLanguage":"de"}]}},"_links":{"self":[{"href":"https:\/\/www.gasthof-waltner.at\/index.php?rest_route=\/wp\/v2\/pages\/31","targetHints":{"allow":["GET"]}}],"collection":[{"href":"https:\/\/www.gasthof-waltner.at\/index.php?rest_route=\/wp\/v2\/pages"}],"about":[{"href":"https:\/\/www.gasthof-waltner.at\/index.php?rest_route=\/wp\/v2\/types\/page"}],"author":[{"embeddable":true,"href":"https:\/\/www.gasthof-waltner.at\/index.php?rest_route=\/wp\/v2\/users\/1"}],"replies":[{"embeddable":true,"href":"https:\/\/www.gasthof-waltner.at\/index.php?rest_route=%2Fwp%2Fv2%2Fcomments&post=31"}],"version-history":[{"count":10,"href":"https:\/\/www.gasthof-waltner.at\/index.php?rest_route=\/wp\/v2\/pages\/31\/revisions"}],"predecessor-version":[{"id":105,"href":"https:\/\/www.gasthof-waltner.at\/index.php?rest_route=\/wp\/v2\/pages\/31\/revisions\/105"}],"wp:attachment":[{"href":"https:\/\/www.gasthof-waltner.at\/index.php?rest_route=%2Fwp%2Fv2%2Fmedia&parent=31"}],"curies":[{"name":"wp","href":"https:\/\/api.w.org\/{rel}","templated":true}]}}